{"id":2,"date":"2009-09-02T17:05:05","date_gmt":"2009-09-02T15:05:05","guid":{"rendered":"http:\/\/www.noucicle.org\/lhora\/?page_id=2"},"modified":"2009-09-29T15:11:45","modified_gmt":"2009-09-29T13:11:45","slug":"quant-a","status":"publish","type":"page","link":"https:\/\/www.noucicle.org\/lhora\/quant-a\/","title":{"rendered":"Qui som"},"content":{"rendered":"<p>Nou Cicle vol ser una plataforma ciutadana de reflexi\u00f3, debat i difusi\u00f3 de pensament pol\u00edtic, a partir d\u2019unes opcions clares per l\u2019autogovern de Catalunya, per la radicalitat democr\u00e0tica i per la reforma emancipadora de la societat. \u00c9s a dir, des de la cultura i l\u2019angle de visi\u00f3 de l\u2019esquerra social i cultural, del catalanisme popular, del socialisme democr\u00e0tic.    <\/p>\n<p>Nou Cicle \u00e9s, d\u2019altra banda, una plataforma amb vocaci\u00f3 de moviment, sense organitzaci\u00f3 formal, sin\u00f3 articulada en xarxa, de manera horitzontal i flexible, per agregaci\u00f3 de persones compromeses, d\u2019iniciatives innovadores, que estableixen nexes diversos de relaci\u00f3 i de col\u2022laboraci\u00f3, generen sin\u00e8rgies, sumen voluntats i multipliquen efectes. <\/p>\n<p>Despr\u00e9s de m\u00e9s de dos decennis d\u2019hegemonia neoliberal al m\u00f3n,  comen\u00e7a a establir-se un balan\u00e7 molt negatiu d&#8217;all\u00f2 que va denominar-se &#8220;la revoluci\u00f3 conservadora&#8221;. Mai, des dels anys trenta, no hi ha hagut tanta dist\u00e0ncia entre pa\u00efsos rics i pa\u00efsos pobres, i entre rics i pobres dins dels pa\u00efsos.<\/p>\n<p>Avui, tant el balan\u00e7 de l\u2019etapa anterior com els nous reptes que prenen cos davant nostre, interpel\u2022len greument l\u2019esquerra. Fan falta noves respostes transformadores, que no siguin mers enunciats testimonials, que no esperin temps millors. Hi ha una forta demanda d\u2019intercanvi sobre els projectes i iniciatives que tenen lloc en uns i altres indrets, en uns i altres sectors d\u2019activitat. Pren for\u00e7a la consci\u00e8ncia que moltes solucions nom\u00e9s seran efectives a nivell global, cosa que fa cr\u00e9ixer tamb\u00e9 la demanda d&#8217;un nou internacionalisme i, amb ella, la necessitat d\u2019una opci\u00f3 decidida per la unitat pol\u00edtica d\u2019Europa.<\/p>\n<p>En aquest context, hi ha molta gent amb ganes de posar-s\u2019hi, de fer alguna cosa juntament amb altres, de contribuir en un esfor\u00e7 col\u2022lectiu, de comprometre\u2019s en una causa comuna. Cal que en tinguin l&#8217;oportunitat. \u00c9s el que Nou Cicle els ofereix.  <\/p>\n","protected":false},"excerpt":{"rendered":"<p>Nou Cicle vol ser una plataforma ciutadana de reflexi\u00f3, debat i difusi\u00f3 de pensament pol\u00edtic, a partir d\u2019unes opcions clares per l\u2019autogovern de Catalunya, per la radicalitat democr\u00e0tica i per la reforma emancipadora de la societat. \u00c9s a dir, des de la cultura i l\u2019angle de visi\u00f3 de l\u2019esquerra social i cultural, del catalanisme popular, &hellip;<\/p>\n","protected":false},"author":1,"featured_media":0,"parent":0,"menu_order":0,"comment_status":"closed","ping_status":"open","template":"","meta":{"footnotes":""},"class_list":["post-2","page","type-page","status-publish","hentry"],"_links":{"self":[{"href":"https:\/\/www.noucicle.org\/lhora\/wp-json\/wp\/v2\/pages\/2","targetHints":{"allow":["GET"]}}],"collection":[{"href":"https:\/\/www.noucicle.org\/lhora\/wp-json\/wp\/v2\/pages"}],"about":[{"href":"https:\/\/www.noucicle.org\/lhora\/wp-json\/wp\/v2\/types\/page"}],"author":[{"embeddable":true,"href":"https:\/\/www.noucicle.org\/lhora\/wp-json\/wp\/v2\/users\/1"}],"replies":[{"embeddable":true,"href":"https:\/\/www.noucicle.org\/lhora\/wp-json\/wp\/v2\/comments?post=2"}],"version-history":[{"count":5,"href":"https:\/\/www.noucicle.org\/lhora\/wp-json\/wp\/v2\/pages\/2\/revisions"}],"predecessor-version":[{"id":73,"href":"https:\/\/www.noucicle.org\/lhora\/wp-json\/wp\/v2\/pages\/2\/revisions\/73"}],"wp:attachment":[{"href":"https:\/\/www.noucicle.org\/lhora\/wp-json\/wp\/v2\/media?parent=2"}],"curies":[{"name":"wp","href":"https:\/\/api.w.org\/{rel}","templated":true}]}}